{"id":1187,"date":"2026-03-16T16:04:27","date_gmt":"2026-03-16T19:04:27","guid":{"rendered":"https:\/\/isfd115-bue.infd.edu.ar\/sitio\/?page_id=1187"},"modified":"2026-03-16T16:04:28","modified_gmt":"2026-03-16T19:04:28","slug":"centro-de-estudiantes-paulo-freire","status":"publish","type":"page","link":"https:\/\/isfd115-bue.infd.edu.ar\/sitio\/centro-de-estudiantes-paulo-freire\/","title":{"rendered":"Centro de Estudiantes \u00abPaulo Freire\u00bb"},"content":{"rendered":"\n<p>El <strong>Centro de Estudiantes del ISFD N.\u00ba 115<\/strong> es un espacio de participaci\u00f3n democr\u00e1tica que representa a las y los estudiantes del instituto. Su objetivo es defender sus derechos, canalizar inquietudes y promover propuestas que mejoren la vida acad\u00e9mica y la formaci\u00f3n docente. Adem\u00e1s, organiza actividades culturales, pedag\u00f3gicas y solidarias, fomentando el compa\u00f1erismo, el compromiso social y la participaci\u00f3n activa dentro de la comunidad educativa.<\/p>\n\n\n\n<p>Para contactarte pod\u00e9s hacerlo mediante Instagram: https:\/\/www.instagram.com\/centroestudiantes_isfd115\/ <\/p>\n","protected":false},"excerpt":{"rendered":"<p>El Centro de Estudiantes del ISFD N.\u00ba 115 es un espacio de participaci\u00f3n democr\u00e1tica que representa a las y los estudiantes del instituto. Su objetivo es defender sus derechos, canalizar inquietudes y promover propuestas que mejoren la vida acad\u00e9mica y la formaci\u00f3n docente. Adem\u00e1s, organiza actividades culturales, pedag\u00f3gicas y solidarias, fomentando el compa\u00f1erismo, el compromiso &#8230; <a title=\"Centro de Estudiantes \u00abPaulo Freire\u00bb\" class=\"read-more\" href=\"https:\/\/isfd115-bue.infd.edu.ar\/sitio\/centro-de-estudiantes-paulo-freire\/\" aria-label=\"More on Centro de Estudiantes \u00abPaulo Freire\u00bb\">[+]<\/a><\/p>\n","protected":false},"author":993,"featured_media":0,"parent":0,"menu_order":0,"comment_status":"closed","ping_status":"closed","template":"","meta":[],"acf":[],"_links":{"self":[{"href":"https:\/\/isfd115-bue.infd.edu.ar\/sitio\/wp-json\/wp\/v2\/pages\/1187"}],"collection":[{"href":"https:\/\/isfd115-bue.infd.edu.ar\/sitio\/wp-json\/wp\/v2\/pages"}],"about":[{"href":"https:\/\/isfd115-bue.infd.edu.ar\/sitio\/wp-json\/wp\/v2\/types\/page"}],"author":[{"embeddable":true,"href":"https:\/\/isfd115-bue.infd.edu.ar\/sitio\/wp-json\/wp\/v2\/users\/993"}],"replies":[{"embeddable":true,"href":"https:\/\/isfd115-bue.infd.edu.ar\/sitio\/wp-json\/wp\/v2\/comments?post=1187"}],"version-history":[{"count":1,"href":"https:\/\/isfd115-bue.infd.edu.ar\/sitio\/wp-json\/wp\/v2\/pages\/1187\/revisions"}],"predecessor-version":[{"id":1188,"href":"https:\/\/isfd115-bue.infd.edu.ar\/sitio\/wp-json\/wp\/v2\/pages\/1187\/revisions\/1188"}],"wp:attachment":[{"href":"https:\/\/isfd115-bue.infd.edu.ar\/sitio\/wp-json\/wp\/v2\/media?parent=1187"}],"curies":[{"name":"wp","href":"https:\/\/api.w.org\/{rel}","templated":true}]}}