{"id":318,"date":"2016-10-31T14:20:44","date_gmt":"2016-10-31T17:20:44","guid":{"rendered":"https:\/\/isfd115-bue.infd.edu.ar\/sitio\/?page_id=318"},"modified":"2026-03-16T16:13:34","modified_gmt":"2026-03-16T19:13:34","slug":"contacto","status":"publish","type":"page","link":"https:\/\/isfd115-bue.infd.edu.ar\/sitio\/contacto\/","title":{"rendered":"CONTACTO"},"content":{"rendered":"\n<div class=\"wp-block-group alignfull is-layout-flow\"><div class=\"wp-block-group__inner-container\">\n<h2>\u00a0<\/h2>\n<h3 style=\"text-align: center;\">CONTACTO<\/h3>\n<h3 style=\"text-align: center;\">\u00a0<\/h3>\n<p class=\"isSelectedEnd\">Si ten\u00e9s dudas, consultas o necesit\u00e1s comunicarte con el instituto, pod\u00e9s hacerlo a trav\u00e9s de los siguientes medios:<\/p>\n<p class=\"isSelectedEnd\">&#x1f4e7; Email: <a href=\"mailto:isfd115baradero@abc.gob.ar\">isfd115baradero@abc.gob.ar<\/a><br \/>&#x1f4de; Tel\u00e9fono: 3329-480261<\/p>\n<p>\u00a1Estamos para acompa\u00f1arte y ayudarte! &#x1f91d;<\/p>\n<p>\u00a0<\/p>\n<\/div><\/div>\n","protected":false},"excerpt":{"rendered":"<p>\u00a0 CONTACTO \u00a0 Si ten\u00e9s dudas, consultas o necesit\u00e1s comunicarte con el instituto, pod\u00e9s hacerlo a trav\u00e9s de los siguientes medios: &#x1f4e7; Email: isfd115baradero@abc.gob.ar&#x1f4de; Tel\u00e9fono: 3329-480261 \u00a1Estamos para acompa\u00f1arte y ayudarte! &#x1f91d; \u00a0<\/p>\n","protected":false},"author":1,"featured_media":0,"parent":0,"menu_order":0,"comment_status":"closed","ping_status":"closed","template":"","meta":[],"acf":[],"_links":{"self":[{"href":"https:\/\/isfd115-bue.infd.edu.ar\/sitio\/wp-json\/wp\/v2\/pages\/318"}],"collection":[{"href":"https:\/\/isfd115-bue.infd.edu.ar\/sitio\/wp-json\/wp\/v2\/pages"}],"about":[{"href":"https:\/\/isfd115-bue.infd.edu.ar\/sitio\/wp-json\/wp\/v2\/types\/page"}],"author":[{"embeddable":true,"href":"https:\/\/isfd115-bue.infd.edu.ar\/sitio\/wp-json\/wp\/v2\/users\/1"}],"replies":[{"embeddable":true,"href":"https:\/\/isfd115-bue.infd.edu.ar\/sitio\/wp-json\/wp\/v2\/comments?post=318"}],"version-history":[{"count":11,"href":"https:\/\/isfd115-bue.infd.edu.ar\/sitio\/wp-json\/wp\/v2\/pages\/318\/revisions"}],"predecessor-version":[{"id":1192,"href":"https:\/\/isfd115-bue.infd.edu.ar\/sitio\/wp-json\/wp\/v2\/pages\/318\/revisions\/1192"}],"wp:attachment":[{"href":"https:\/\/isfd115-bue.infd.edu.ar\/sitio\/wp-json\/wp\/v2\/media?parent=318"}],"curies":[{"name":"wp","href":"https:\/\/api.w.org\/{rel}","templated":true}]}}