{"id":730,"date":"2018-08-29T22:28:14","date_gmt":"2018-08-30T01:28:14","guid":{"rendered":"https:\/\/isfd115-bue.infd.edu.ar\/sitio\/profesorado-de-educacion-inicial\/"},"modified":"2026-03-04T16:53:44","modified_gmt":"2026-03-04T19:53:44","slug":"profesorado-de-educacion-inicial","status":"publish","type":"page","link":"https:\/\/isfd115-bue.infd.edu.ar\/sitio\/profesorado-de-educacion-inicial\/","title":{"rendered":"Profesorado de Educaci\u00f3n Inicial"},"content":{"rendered":"\n<p>Las y los graduados del Profesorado de Educaci\u00f3n Inicial est\u00e1n preparados para asumir con compromiso y creatividad la tarea de educar en los primeros a\u00f1os de vida, una etapa clave en el desarrollo integral de ni\u00f1as y ni\u00f1os.<\/p>\n\n\n\n<p>Podr\u00e1n desempe\u00f1arse como <strong>docentes a cargo de salas de 3, 4 y 5 a\u00f1os<\/strong>, as\u00ed como en <strong>salas maternales<\/strong>, acompa\u00f1ando procesos de aprendizaje desde una mirada pedag\u00f3gica actual, inclusiva y respetuosa de las infancias.<\/p>\n\n\n\n<p>Asimismo, cuentan con formaci\u00f3n para ejercer el <strong>rol de preceptor\/a<\/strong>, tanto en el Nivel Inicial como en el Nivel Secundario, fortaleciendo el acompa\u00f1amiento institucional y las trayectorias educativas.<\/p>\n\n\n\n<p>Su campo laboral abarca <strong>instituciones p\u00fablicas y privadas<\/strong>, en <strong>contextos urbanos y rurales<\/strong>, lo que ampl\u00eda las oportunidades de inserci\u00f3n profesional y el compromiso con diversas realidades socioculturales.<\/p>\n\n\n\n<p>Formarse como docente de Educaci\u00f3n Inicial es elegir una profesi\u00f3n con profundo sentido social, donde educar es tambi\u00e9n cuidar, acompa\u00f1ar y construir futuro.<\/p>\n\n\n\n<p>A continuaci\u00f3n podr\u00e1n visualizar el plan de estudios con sus correlatividades: <\/p>\n\n\n\n<figure class=\"wp-block-image size-large\"><img decoding=\"async\" loading=\"lazy\" width=\"1900\" height=\"1069\" src=\"https:\/\/isfd115-bue.infd.edu.ar\/sitio\/wp-content\/uploads\/2026\/03\/oferta-de-car-1-1900x1069.png\" alt=\"\" class=\"wp-image-1168\" srcset=\"https:\/\/isfd115-bue.infd.edu.ar\/sitio\/wp-content\/uploads\/2026\/03\/oferta-de-car-1-1900x1069.png 1900w, https:\/\/isfd115-bue.infd.edu.ar\/sitio\/wp-content\/uploads\/2026\/03\/oferta-de-car-1-1000x563.png 1000w, https:\/\/isfd115-bue.infd.edu.ar\/sitio\/wp-content\/uploads\/2026\/03\/oferta-de-car-1-768x432.png 768w, https:\/\/isfd115-bue.infd.edu.ar\/sitio\/wp-content\/uploads\/2026\/03\/oferta-de-car-1-1536x864.png 1536w, https:\/\/isfd115-bue.infd.edu.ar\/sitio\/wp-content\/uploads\/2026\/03\/oferta-de-car-1.png 1920w\" sizes=\"(max-width: 1900px) 100vw, 1900px\" \/><\/figure>\n","protected":false},"excerpt":{"rendered":"<p>Las y los graduados del Profesorado de Educaci\u00f3n Inicial est\u00e1n preparados para asumir con compromiso y creatividad la tarea de educar en los primeros a\u00f1os de vida, una etapa clave en el desarrollo integral de ni\u00f1as y ni\u00f1os. Podr\u00e1n desempe\u00f1arse como docentes a cargo de salas de 3, 4 y 5 a\u00f1os, as\u00ed como en &#8230; <a title=\"Profesorado de Educaci\u00f3n Inicial\" class=\"read-more\" href=\"https:\/\/isfd115-bue.infd.edu.ar\/sitio\/profesorado-de-educacion-inicial\/\" aria-label=\"More on Profesorado de Educaci\u00f3n Inicial\">[+]<\/a><\/p>\n","protected":false},"author":37,"featured_media":0,"parent":0,"menu_order":0,"comment_status":"closed","ping_status":"closed","template":"","meta":[],"acf":[],"_links":{"self":[{"href":"https:\/\/isfd115-bue.infd.edu.ar\/sitio\/wp-json\/wp\/v2\/pages\/730"}],"collection":[{"href":"https:\/\/isfd115-bue.infd.edu.ar\/sitio\/wp-json\/wp\/v2\/pages"}],"about":[{"href":"https:\/\/isfd115-bue.infd.edu.ar\/sitio\/wp-json\/wp\/v2\/types\/page"}],"author":[{"embeddable":true,"href":"https:\/\/isfd115-bue.infd.edu.ar\/sitio\/wp-json\/wp\/v2\/users\/37"}],"replies":[{"embeddable":true,"href":"https:\/\/isfd115-bue.infd.edu.ar\/sitio\/wp-json\/wp\/v2\/comments?post=730"}],"version-history":[{"count":2,"href":"https:\/\/isfd115-bue.infd.edu.ar\/sitio\/wp-json\/wp\/v2\/pages\/730\/revisions"}],"predecessor-version":[{"id":1169,"href":"https:\/\/isfd115-bue.infd.edu.ar\/sitio\/wp-json\/wp\/v2\/pages\/730\/revisions\/1169"}],"wp:attachment":[{"href":"https:\/\/isfd115-bue.infd.edu.ar\/sitio\/wp-json\/wp\/v2\/media?parent=730"}],"curies":[{"name":"wp","href":"https:\/\/api.w.org\/{rel}","templated":true}]}}