{"id":732,"date":"2018-08-29T22:28:15","date_gmt":"2018-08-30T01:28:15","guid":{"rendered":"https:\/\/isfd115-bue.infd.edu.ar\/sitio\/profesorado-de-educacion-primaria\/"},"modified":"2026-03-16T16:12:11","modified_gmt":"2026-03-16T19:12:11","slug":"profesorado-de-educacion-primaria","status":"publish","type":"page","link":"https:\/\/isfd115-bue.infd.edu.ar\/sitio\/profesorado-de-educacion-primaria\/","title":{"rendered":"Profesorado de Educaci\u00f3n Primaria"},"content":{"rendered":"<p data-start=\"41\" data-end=\"300\">Las y los graduados del Profesorado de Educaci\u00f3n Primaria cuentan con una formaci\u00f3n s\u00f3lida e integral que les permite desempe\u00f1arse como <strong data-start=\"177\" data-end=\"224\">docentes a cargo de grados de 1.\u00ba a 6.\u00ba a\u00f1o<\/strong>, acompa\u00f1ando las trayectorias escolares en una etapa clave del aprendizaje.<\/p>\n<p data-start=\"302\" data-end=\"709\">Tambi\u00e9n pueden trabajar en <strong data-start=\"329\" data-end=\"370\">Centros de Educaci\u00f3n de Adultos (CEA)<\/strong>, ampliando el derecho a la educaci\u00f3n a j\u00f3venes y personas adultas, y ejercer el rol de <strong data-start=\"458\" data-end=\"496\">preceptor\/a en el Nivel Secundario<\/strong>, fortaleciendo el acompa\u00f1amiento institucional. Asimismo, est\u00e1n capacitados para articular propuestas pedag\u00f3gicas en el marco de la <strong data-start=\"629\" data-end=\"641\">5.\u00aa hora<\/strong>, promoviendo espacios de profundizaci\u00f3n y apoyo a los aprendizajes.<\/p>\n<p data-start=\"711\" data-end=\"980\">Su campo profesional no se limita al sistema educativo formal. Adem\u00e1s de desempe\u00f1arse en <strong data-start=\"800\" data-end=\"837\">instituciones p\u00fablicas y privadas<\/strong>, pueden asumir un rol docente integral en el desarrollo de <strong data-start=\"897\" data-end=\"927\">programas de apoyo escolar<\/strong> impulsados a nivel municipal, provincial o nacional.<\/p>\n<p data-start=\"982\" data-end=\"1178\" data-is-last-node=\"\" data-is-only-node=\"\">Ser docente de Educaci\u00f3n Primaria es asumir el desaf\u00edo de ense\u00f1ar, acompa\u00f1ar y construir ciudadan\u00eda desde una mirada comprometida con la inclusi\u00f3n, la calidad educativa y la transformaci\u00f3n social.<\/p>\n<p data-start=\"982\" data-end=\"1178\" data-is-last-node=\"\" data-is-only-node=\"\">Plan de estudios y correlativas:<\/p>\n<p data-start=\"982\" data-end=\"1178\" data-is-last-node=\"\" data-is-only-node=\"\"><img decoding=\"async\" loading=\"lazy\" class=\"alignnone size-medium wp-image-1172\" src=\"https:\/\/isfd115-bue.infd.edu.ar\/sitio\/wp-content\/uploads\/2026\/03\/oferta-de-car-3-1000x563.png\" alt=\"\" width=\"1000\" height=\"563\" srcset=\"https:\/\/isfd115-bue.infd.edu.ar\/sitio\/wp-content\/uploads\/2026\/03\/oferta-de-car-3-1000x563.png 1000w, https:\/\/isfd115-bue.infd.edu.ar\/sitio\/wp-content\/uploads\/2026\/03\/oferta-de-car-3-1900x1069.png 1900w, https:\/\/isfd115-bue.infd.edu.ar\/sitio\/wp-content\/uploads\/2026\/03\/oferta-de-car-3-768x432.png 768w, https:\/\/isfd115-bue.infd.edu.ar\/sitio\/wp-content\/uploads\/2026\/03\/oferta-de-car-3-1536x864.png 1536w, https:\/\/isfd115-bue.infd.edu.ar\/sitio\/wp-content\/uploads\/2026\/03\/oferta-de-car-3.png 1920w\" sizes=\"(max-width: 1000px) 100vw, 1000px\" \/><\/p>\n<p data-start=\"982\" data-end=\"1178\" data-is-last-node=\"\" data-is-only-node=\"\">\n<p><iframe loading=\"lazy\" src=\"https:\/\/www.youtube.com\/embed\/cNzU4v32vLM?wmode=transparent\" width=\"420\" height=\"315\" frameborder=\"0\" allowfullscreen=\"allowfullscreen\"><\/iframe><\/p>\n","protected":false},"excerpt":{"rendered":"<p>Las y los graduados del Profesorado de Educaci\u00f3n Primaria cuentan con una formaci\u00f3n s\u00f3lida e integral que les permite desempe\u00f1arse como docentes a cargo de grados de 1.\u00ba a 6.\u00ba a\u00f1o, acompa\u00f1ando las trayectorias escolares en una etapa clave del aprendizaje. Tambi\u00e9n pueden trabajar en Centros de Educaci\u00f3n de Adultos (CEA), ampliando el derecho a &#8230; <a title=\"Profesorado de Educaci\u00f3n Primaria\" class=\"read-more\" href=\"https:\/\/isfd115-bue.infd.edu.ar\/sitio\/profesorado-de-educacion-primaria\/\" aria-label=\"More on Profesorado de Educaci\u00f3n Primaria\">[+]<\/a><\/p>\n","protected":false},"author":37,"featured_media":0,"parent":0,"menu_order":0,"comment_status":"closed","ping_status":"closed","template":"","meta":[],"acf":[],"_links":{"self":[{"href":"https:\/\/isfd115-bue.infd.edu.ar\/sitio\/wp-json\/wp\/v2\/pages\/732"}],"collection":[{"href":"https:\/\/isfd115-bue.infd.edu.ar\/sitio\/wp-json\/wp\/v2\/pages"}],"about":[{"href":"https:\/\/isfd115-bue.infd.edu.ar\/sitio\/wp-json\/wp\/v2\/types\/page"}],"author":[{"embeddable":true,"href":"https:\/\/isfd115-bue.infd.edu.ar\/sitio\/wp-json\/wp\/v2\/users\/37"}],"replies":[{"embeddable":true,"href":"https:\/\/isfd115-bue.infd.edu.ar\/sitio\/wp-json\/wp\/v2\/comments?post=732"}],"version-history":[{"count":1,"href":"https:\/\/isfd115-bue.infd.edu.ar\/sitio\/wp-json\/wp\/v2\/pages\/732\/revisions"}],"predecessor-version":[{"id":1173,"href":"https:\/\/isfd115-bue.infd.edu.ar\/sitio\/wp-json\/wp\/v2\/pages\/732\/revisions\/1173"}],"wp:attachment":[{"href":"https:\/\/isfd115-bue.infd.edu.ar\/sitio\/wp-json\/wp\/v2\/media?parent=732"}],"curies":[{"name":"wp","href":"https:\/\/api.w.org\/{rel}","templated":true}]}}