{"id":734,"date":"2018-08-29T22:28:15","date_gmt":"2018-08-30T01:28:15","guid":{"rendered":"https:\/\/isfd115-bue.infd.edu.ar\/sitio\/profesorado-de-educacion-secundaria-en-matematica\/"},"modified":"2026-03-04T17:18:39","modified_gmt":"2026-03-04T20:18:39","slug":"profesorado-de-educacion-secundaria-en-matematica","status":"publish","type":"page","link":"https:\/\/isfd115-bue.infd.edu.ar\/sitio\/profesorado-de-educacion-secundaria-en-matematica\/","title":{"rendered":"Profesorado de Educaci\u00f3n Secundaria en Biolog\u00eda"},"content":{"rendered":"\n<p>Las y los graduados del Profesorado de Biolog\u00eda est\u00e1n preparados para ense\u00f1ar y despertar el inter\u00e9s por la vida, la ciencia y el cuidado del ambiente en las nuevas generaciones.<\/p>\n\n\n\n<p>Podr\u00e1n dictar clases de <strong>Ciencias Naturales, Biolog\u00eda y Salud y Adolescencia en el Nivel Secundario<\/strong>, promoviendo una mirada cr\u00edtica, actualizada y comprometida con los desaf\u00edos cient\u00edficos y socioambientales de nuestro tiempo.<\/p>\n\n\n\n<p>Adem\u00e1s, cuentan con formaci\u00f3n para desempe\u00f1arse en <strong>Centros Educativos de Nivel Secundario (CENS)<\/strong> y en el <strong>Programa FINES<\/strong>, acompa\u00f1ando las trayectorias educativas de j\u00f3venes y personas adultas que finalizan sus estudios secundarios.<\/p>\n\n\n\n<p>Tambi\u00e9n podr\u00e1n ejercer el <strong>rol de preceptor\/a<\/strong>, fortaleciendo el acompa\u00f1amiento institucional y el v\u00ednculo con las y los estudiantes.<\/p>\n\n\n\n<p>Ser docente de Biolog\u00eda es formar ciudadanos y ciudadanas con pensamiento cient\u00edfico, conciencia ambiental y compromiso con el cuidado de la vida en todas sus formas.<\/p>\n\n\n\n<p>Mapa de plan de estudios: <\/p>\n\n\n\n<figure class=\"wp-block-image size-large\"><img decoding=\"async\" loading=\"lazy\" width=\"1900\" height=\"1069\" src=\"https:\/\/isfd115-bue.infd.edu.ar\/sitio\/wp-content\/uploads\/2026\/03\/oferta-de-car-4-1900x1069.png\" alt=\"\" class=\"wp-image-1175\" srcset=\"https:\/\/isfd115-bue.infd.edu.ar\/sitio\/wp-content\/uploads\/2026\/03\/oferta-de-car-4-1900x1069.png 1900w, https:\/\/isfd115-bue.infd.edu.ar\/sitio\/wp-content\/uploads\/2026\/03\/oferta-de-car-4-1000x563.png 1000w, https:\/\/isfd115-bue.infd.edu.ar\/sitio\/wp-content\/uploads\/2026\/03\/oferta-de-car-4-768x432.png 768w, https:\/\/isfd115-bue.infd.edu.ar\/sitio\/wp-content\/uploads\/2026\/03\/oferta-de-car-4-1536x864.png 1536w, https:\/\/isfd115-bue.infd.edu.ar\/sitio\/wp-content\/uploads\/2026\/03\/oferta-de-car-4.png 1920w\" sizes=\"(max-width: 1900px) 100vw, 1900px\" \/><\/figure>\n","protected":false},"excerpt":{"rendered":"<p>Las y los graduados del Profesorado de Biolog\u00eda est\u00e1n preparados para ense\u00f1ar y despertar el inter\u00e9s por la vida, la ciencia y el cuidado del ambiente en las nuevas generaciones. Podr\u00e1n dictar clases de Ciencias Naturales, Biolog\u00eda y Salud y Adolescencia en el Nivel Secundario, promoviendo una mirada cr\u00edtica, actualizada y comprometida con los desaf\u00edos &#8230; <a title=\"Profesorado de Educaci\u00f3n Secundaria en Biolog\u00eda\" class=\"read-more\" href=\"https:\/\/isfd115-bue.infd.edu.ar\/sitio\/profesorado-de-educacion-secundaria-en-matematica\/\" aria-label=\"More on Profesorado de Educaci\u00f3n Secundaria en Biolog\u00eda\">[+]<\/a><\/p>\n","protected":false},"author":37,"featured_media":0,"parent":0,"menu_order":0,"comment_status":"closed","ping_status":"closed","template":"","meta":[],"acf":[],"_links":{"self":[{"href":"https:\/\/isfd115-bue.infd.edu.ar\/sitio\/wp-json\/wp\/v2\/pages\/734"}],"collection":[{"href":"https:\/\/isfd115-bue.infd.edu.ar\/sitio\/wp-json\/wp\/v2\/pages"}],"about":[{"href":"https:\/\/isfd115-bue.infd.edu.ar\/sitio\/wp-json\/wp\/v2\/types\/page"}],"author":[{"embeddable":true,"href":"https:\/\/isfd115-bue.infd.edu.ar\/sitio\/wp-json\/wp\/v2\/users\/37"}],"replies":[{"embeddable":true,"href":"https:\/\/isfd115-bue.infd.edu.ar\/sitio\/wp-json\/wp\/v2\/comments?post=734"}],"version-history":[{"count":1,"href":"https:\/\/isfd115-bue.infd.edu.ar\/sitio\/wp-json\/wp\/v2\/pages\/734\/revisions"}],"predecessor-version":[{"id":1176,"href":"https:\/\/isfd115-bue.infd.edu.ar\/sitio\/wp-json\/wp\/v2\/pages\/734\/revisions\/1176"}],"wp:attachment":[{"href":"https:\/\/isfd115-bue.infd.edu.ar\/sitio\/wp-json\/wp\/v2\/media?parent=734"}],"curies":[{"name":"wp","href":"https:\/\/api.w.org\/{rel}","templated":true}]}}