{"id":820,"date":"2020-11-19T11:51:10","date_gmt":"2020-11-19T14:51:10","guid":{"rendered":"https:\/\/isfd115-bue.infd.edu.ar\/sitio\/?page_id=820"},"modified":"2026-03-04T17:49:37","modified_gmt":"2026-03-04T20:49:37","slug":"profesorado-de-ingles","status":"publish","type":"page","link":"https:\/\/isfd115-bue.infd.edu.ar\/sitio\/profesorado-de-ingles\/","title":{"rendered":"Profesorado de Ingl\u00e9s"},"content":{"rendered":"<p data-start=\"29\" data-end=\"234\">Las y los graduados del Profesorado de Ingl\u00e9s se forman para abrir puertas al mundo a trav\u00e9s del idioma, promoviendo la comunicaci\u00f3n intercultural y el acceso a nuevas oportunidades acad\u00e9micas y laborales.<\/p>\n<p data-start=\"236\" data-end=\"484\">Podr\u00e1n desempe\u00f1arse en la ense\u00f1anza del ingl\u00e9s en <strong data-start=\"286\" data-end=\"329\">escuelas de Nivel Primario y Secundario<\/strong>, incluyendo <strong data-start=\"342\" data-end=\"396\">secundarios con orientaci\u00f3n en Lenguas Extranjeras<\/strong>, as\u00ed como en <strong data-start=\"410\" data-end=\"483\">jardines de infantes que incorporen ingl\u00e9s en su propuesta pedag\u00f3gica<\/strong>.<\/p>\n<p data-start=\"486\" data-end=\"650\">Tambi\u00e9n estar\u00e1n habilitados para trabajar en <strong data-start=\"531\" data-end=\"539\">CENS<\/strong> y en el <strong data-start=\"548\" data-end=\"566\">Programa FINES<\/strong>, acompa\u00f1ando la formaci\u00f3n de j\u00f3venes y personas adultas que completan sus estudios.<\/p>\n<p data-start=\"652\" data-end=\"913\">M\u00e1s all\u00e1 del \u00e1mbito formal, podr\u00e1n dictar <strong data-start=\"694\" data-end=\"752\">cursos, capacitaciones y clases en institutos privados<\/strong>, as\u00ed como desarrollar su actividad de manera independiente, tanto presencial como remota, brindando clases de ingl\u00e9s a estudiantes de cualquier parte del mundo.<\/p>\n<p data-start=\"915\" data-end=\"1054\" data-is-last-node=\"\" data-is-only-node=\"\">Ser docente de Ingl\u00e9s es tender puentes entre culturas y formar ciudadanos y ciudadanas capaces de comunicarse en una sociedad globalizada.<\/p>\n<p data-start=\"915\" data-end=\"1054\" data-is-last-node=\"\" data-is-only-node=\"\">Mapa de plan de estudios y correlativas<\/p>\n<p data-start=\"915\" data-end=\"1054\" data-is-last-node=\"\" data-is-only-node=\"\"><img decoding=\"async\" loading=\"lazy\" class=\"alignnone size-medium wp-image-1181\" src=\"https:\/\/isfd115-bue.infd.edu.ar\/sitio\/wp-content\/uploads\/2026\/03\/oferta-de-car-6-1000x563.png\" alt=\"\" width=\"1000\" height=\"563\" srcset=\"https:\/\/isfd115-bue.infd.edu.ar\/sitio\/wp-content\/uploads\/2026\/03\/oferta-de-car-6-1000x563.png 1000w, https:\/\/isfd115-bue.infd.edu.ar\/sitio\/wp-content\/uploads\/2026\/03\/oferta-de-car-6-1900x1069.png 1900w, https:\/\/isfd115-bue.infd.edu.ar\/sitio\/wp-content\/uploads\/2026\/03\/oferta-de-car-6-768x432.png 768w, https:\/\/isfd115-bue.infd.edu.ar\/sitio\/wp-content\/uploads\/2026\/03\/oferta-de-car-6-1536x864.png 1536w, https:\/\/isfd115-bue.infd.edu.ar\/sitio\/wp-content\/uploads\/2026\/03\/oferta-de-car-6.png 1920w\" sizes=\"(max-width: 1000px) 100vw, 1000px\" \/><\/p>\n","protected":false},"excerpt":{"rendered":"<p>Las y los graduados del Profesorado de Ingl\u00e9s se forman para abrir puertas al mundo a trav\u00e9s del idioma, promoviendo la comunicaci\u00f3n intercultural y el acceso a nuevas oportunidades acad\u00e9micas y laborales. Podr\u00e1n desempe\u00f1arse en la ense\u00f1anza del ingl\u00e9s en escuelas de Nivel Primario y Secundario, incluyendo secundarios con orientaci\u00f3n en Lenguas Extranjeras, as\u00ed como &#8230; <a title=\"Profesorado de Ingl\u00e9s\" class=\"read-more\" href=\"https:\/\/isfd115-bue.infd.edu.ar\/sitio\/profesorado-de-ingles\/\" aria-label=\"More on Profesorado de Ingl\u00e9s\">[+]<\/a><\/p>\n","protected":false},"author":27,"featured_media":0,"parent":0,"menu_order":0,"comment_status":"closed","ping_status":"closed","template":"","meta":[],"acf":[],"_links":{"self":[{"href":"https:\/\/isfd115-bue.infd.edu.ar\/sitio\/wp-json\/wp\/v2\/pages\/820"}],"collection":[{"href":"https:\/\/isfd115-bue.infd.edu.ar\/sitio\/wp-json\/wp\/v2\/pages"}],"about":[{"href":"https:\/\/isfd115-bue.infd.edu.ar\/sitio\/wp-json\/wp\/v2\/types\/page"}],"author":[{"embeddable":true,"href":"https:\/\/isfd115-bue.infd.edu.ar\/sitio\/wp-json\/wp\/v2\/users\/27"}],"replies":[{"embeddable":true,"href":"https:\/\/isfd115-bue.infd.edu.ar\/sitio\/wp-json\/wp\/v2\/comments?post=820"}],"version-history":[{"count":3,"href":"https:\/\/isfd115-bue.infd.edu.ar\/sitio\/wp-json\/wp\/v2\/pages\/820\/revisions"}],"predecessor-version":[{"id":1182,"href":"https:\/\/isfd115-bue.infd.edu.ar\/sitio\/wp-json\/wp\/v2\/pages\/820\/revisions\/1182"}],"wp:attachment":[{"href":"https:\/\/isfd115-bue.infd.edu.ar\/sitio\/wp-json\/wp\/v2\/media?parent=820"}],"curies":[{"name":"wp","href":"https:\/\/api.w.org\/{rel}","templated":true}]}}