{"id":846,"date":"2020-11-24T15:22:49","date_gmt":"2020-11-24T18:22:49","guid":{"rendered":"https:\/\/isfd115-bue.infd.edu.ar\/sitio\/?page_id=846"},"modified":"2026-03-04T17:55:54","modified_gmt":"2026-03-04T20:55:54","slug":"cufba-2","status":"publish","type":"page","link":"https:\/\/isfd115-bue.infd.edu.ar\/sitio\/cufba-2\/","title":{"rendered":"CUFBA"},"content":{"rendered":"<p data-start=\"68\" data-end=\"190\">\u00bfQuer\u00e9s estudiar Ingl\u00e9s? El <strong data-start=\"114\" data-end=\"123\">CUFBA<\/strong> es el primer paso para comenzar tu camino en la formaci\u00f3n docente.<\/p>\n<p data-start=\"192\" data-end=\"385\">Est\u00e1 destinado a quienes deseen ingresar a <strong data-start=\"235\" data-end=\"272\">1.\u00ba a\u00f1o del Profesorado de Ingl\u00e9s<\/strong> en el ciclo lectivo siguiente, incluyendo estudiantes que est\u00e9n cursando el \u00faltimo a\u00f1o de la escuela secundaria. C\u00f3mo tambi\u00e9n para cualquier persona que dese\u00e9 mejorar sus conocimientos en el idioma.<\/p>\n<p data-start=\"387\" data-end=\"613\">Este curso brinda las <strong data-start=\"409\" data-end=\"452\">competencias ling\u00fc\u00edsticas fundamentales<\/strong>. Tiene una duraci\u00f3n de un a\u00f1o\u00a0 y una carga semanal de <strong data-start=\"566\" data-end=\"579\">8 horas<\/strong>, organizados en tres \u00e1reas clave:<\/p>\n<ul data-start=\"615\" data-end=\"740\">\n<li data-start=\"615\" data-end=\"659\">\n<p data-start=\"617\" data-end=\"659\">&#x1f4d6; <strong data-start=\"620\" data-end=\"645\">Comprensi\u00f3n de textos<\/strong> (3 m\u00f3dulos)<\/p>\n<\/li>\n<li data-start=\"660\" data-end=\"701\">\n<p data-start=\"662\" data-end=\"701\">&#x270d;&#xfe0f; <strong data-start=\"665\" data-end=\"687\">Producci\u00f3n escrita<\/strong> (3 m\u00f3dulos)<\/p>\n<\/li>\n<li data-start=\"702\" data-end=\"740\">\n<p data-start=\"704\" data-end=\"740\">&#x1f5e3;&#xfe0f; <strong data-start=\"708\" data-end=\"726\">Expresi\u00f3n oral<\/strong> (2 m\u00f3dulos)<\/p>\n<\/li>\n<\/ul>\n<hr data-start=\"742\" data-end=\"745\" \/>\n<h3 data-start=\"747\" data-end=\"769\">\u00bfQu\u00e9 vas a lograr?<\/h3>\n<p data-start=\"771\" data-end=\"819\">Al finalizar el curso, estar\u00e1s preparado\/a para:<\/p>\n<p data-start=\"821\" data-end=\"1343\">&#x2714; Comprender textos escritos y orales desconocidos, identificando y rese\u00f1ando sus ideas principales.<br data-start=\"921\" data-end=\"924\" \/>&#x2714; Redactar textos breves (como cartas informales) con coherencia y adecuaci\u00f3n al prop\u00f3sito comunicativo.<br data-start=\"1028\" data-end=\"1031\" \/>&#x2714; Narrar y describir temas asignados con claridad y organizaci\u00f3n.<br data-start=\"1096\" data-end=\"1099\" \/>&#x2714; Comentar y analizar textos le\u00eddos previamente (art\u00edculos, cuentos, etc.).<br data-start=\"1174\" data-end=\"1177\" \/>&#x2714; Sostener conversaciones fluidas sobre temas cotidianos, respondiendo a intervenciones espont\u00e1neas con adecuada pronunciaci\u00f3n, vocabulario y estructura gramatical.<\/p>\n<hr data-start=\"2021\" data-end=\"2024\" \/>\n<h3 data-start=\"2026\" data-end=\"2047\">Ingreso directo<\/h3>\n<p data-start=\"2049\" data-end=\"2296\">Podr\u00e1n inscribirse directamente a 1.\u00ba a\u00f1o quienes rindan un examen global a principio de a\u00f1o.<\/p>\n","protected":false},"excerpt":{"rendered":"<p>\u00bfQuer\u00e9s estudiar Ingl\u00e9s? El CUFBA es el primer paso para comenzar tu camino en la formaci\u00f3n docente. Est\u00e1 destinado a quienes deseen ingresar a 1.\u00ba a\u00f1o del Profesorado de Ingl\u00e9s en el ciclo lectivo siguiente, incluyendo estudiantes que est\u00e9n cursando el \u00faltimo a\u00f1o de la escuela secundaria. C\u00f3mo tambi\u00e9n para cualquier persona que dese\u00e9 mejorar &#8230; <a title=\"CUFBA\" class=\"read-more\" href=\"https:\/\/isfd115-bue.infd.edu.ar\/sitio\/cufba-2\/\" aria-label=\"More on CUFBA\">[+]<\/a><\/p>\n","protected":false},"author":29,"featured_media":0,"parent":0,"menu_order":0,"comment_status":"closed","ping_status":"closed","template":"","meta":[],"acf":[],"_links":{"self":[{"href":"https:\/\/isfd115-bue.infd.edu.ar\/sitio\/wp-json\/wp\/v2\/pages\/846"}],"collection":[{"href":"https:\/\/isfd115-bue.infd.edu.ar\/sitio\/wp-json\/wp\/v2\/pages"}],"about":[{"href":"https:\/\/isfd115-bue.infd.edu.ar\/sitio\/wp-json\/wp\/v2\/types\/page"}],"author":[{"embeddable":true,"href":"https:\/\/isfd115-bue.infd.edu.ar\/sitio\/wp-json\/wp\/v2\/users\/29"}],"replies":[{"embeddable":true,"href":"https:\/\/isfd115-bue.infd.edu.ar\/sitio\/wp-json\/wp\/v2\/comments?post=846"}],"version-history":[{"count":2,"href":"https:\/\/isfd115-bue.infd.edu.ar\/sitio\/wp-json\/wp\/v2\/pages\/846\/revisions"}],"predecessor-version":[{"id":1184,"href":"https:\/\/isfd115-bue.infd.edu.ar\/sitio\/wp-json\/wp\/v2\/pages\/846\/revisions\/1184"}],"wp:attachment":[{"href":"https:\/\/isfd115-bue.infd.edu.ar\/sitio\/wp-json\/wp\/v2\/media?parent=846"}],"curies":[{"name":"wp","href":"https:\/\/api.w.org\/{rel}","templated":true}]}}